{"id":89,"date":"2023-10-08T20:35:03","date_gmt":"2023-10-08T18:35:03","guid":{"rendered":"https:\/\/mademoiselle-deora.fr\/?page_id=89"},"modified":"2024-06-02T15:17:37","modified_gmt":"2024-06-02T13:17:37","slug":"informations","status":"publish","type":"page","link":"https:\/\/mademoiselle-deora.fr\/","title":{"rendered":"Accueil"},"content":{"rendered":"\n<p>Dominatrice professionnelle depuis Mars 2023 et prioritaire d&#8217;un donjon en perp\u00e9tuelle \u00e9volution \u00e0 <strong>Lille<\/strong> dans le nord de la France. <\/p>\n\n\n\n<p><em> Passionn\u00e9e, assoiff\u00e9e de connaissances, de savoir faire j&#8217;aime les vices, j&#8217;aime l&#8217;\u00e9trange, j&#8217;aime faire \u00e9clater en milles morceaux les codes du &#8220;politiquement correct&#8221;. <\/em><\/p>\n\n\n\n<p><em>Je suis perfectionniste, exigeante et j&#8217;attache beaucoup d&#8217;importance aux bonnes mani\u00e8res qui passent avant tout par un effort de langages. Le vouvoiement est obligatoire lorsque tu t&#8217;adresses \u00e0 moi car je te suis sup\u00e9rieure. Je suis une dominatrice \u00e0 l&#8217;\u00e9coute de mes soumis dans le but de constamment les faire \u00e9voluer. Un soumis heureux me servira toujours mieux!&#8221;<\/em><\/p>\n","protected":false},"excerpt":{"rendered":"<p>Dominatrice professionnelle depuis Mars 2023 et prioritaire d&#8217;un donjon en perp\u00e9tuelle \u00e9volution \u00e0 Lille dans le nord de la France. Passionn\u00e9e, assoiff\u00e9e de connaissances, de savoir faire j&#8217;aime les vices,<\/p>\n<p class=\"more-link\"><a href=\"https:\/\/mademoiselle-deora.fr\/\" class=\"readmore\">Continue reading<svg class=\"icon icon-arrow-right\" aria-hidden=\"true\" role=\"img\"> <use href=\"#icon-arrow-right\" xlink:href=\"#icon-arrow-right\"><\/use> <\/svg><span class=\"screen-reader-text\">Accueil<\/span><\/a><\/p>\n","protected":false},"author":1,"featured_media":0,"parent":0,"menu_order":0,"comment_status":"closed","ping_status":"closed","template":"","meta":{"footnotes":""},"class_list":["post-89","page","type-page","status-publish","hentry"],"_links":{"self":[{"href":"https:\/\/mademoiselle-deora.fr\/index.php\/wp-json\/wp\/v2\/pages\/89","targetHints":{"allow":["GET"]}}],"collection":[{"href":"https:\/\/mademoiselle-deora.fr\/index.php\/wp-json\/wp\/v2\/pages"}],"about":[{"href":"https:\/\/mademoiselle-deora.fr\/index.php\/wp-json\/wp\/v2\/types\/page"}],"author":[{"embeddable":true,"href":"https:\/\/mademoiselle-deora.fr\/index.php\/wp-json\/wp\/v2\/users\/1"}],"replies":[{"embeddable":true,"href":"https:\/\/mademoiselle-deora.fr\/index.php\/wp-json\/wp\/v2\/comments?post=89"}],"version-history":[{"count":2,"href":"https:\/\/mademoiselle-deora.fr\/index.php\/wp-json\/wp\/v2\/pages\/89\/revisions"}],"predecessor-version":[{"id":218,"href":"https:\/\/mademoiselle-deora.fr\/index.php\/wp-json\/wp\/v2\/pages\/89\/revisions\/218"}],"wp:attachment":[{"href":"https:\/\/mademoiselle-deora.fr\/index.php\/wp-json\/wp\/v2\/media?parent=89"}],"curies":[{"name":"wp","href":"https:\/\/api.w.org\/{rel}","templated":true}]}}