{"id":57,"date":"2023-10-08T19:50:43","date_gmt":"2023-10-08T17:50:43","guid":{"rendered":"https:\/\/mademoiselle-deora.fr\/?page_id=57"},"modified":"2023-10-10T14:10:50","modified_gmt":"2023-10-10T12:10:50","slug":"contact","status":"publish","type":"page","link":"https:\/\/mademoiselle-deora.fr\/index.php\/contact\/","title":{"rendered":"Contact"},"content":{"rendered":"\t\t<div data-elementor-type=\"wp-page\" data-elementor-id=\"57\" class=\"elementor elementor-57\">\n\t\t\t\t<div class=\"elementor-element elementor-element-a2b46c4 e-flex e-con-boxed e-con e-parent\" data-id=\"a2b46c4\" data-element_type=\"container\" data-e-type=\"container\">\n\t\t\t\t\t<div class=\"e-con-inner\">\n\t\t\t\t<div class=\"elementor-element elementor-element-2aed11a elementor-widget elementor-widget-text-editor\" data-id=\"2aed11a\" data-element_type=\"widget\" data-e-type=\"widget\" data-widget_type=\"text-editor.default\">\n\t\t\t\t<div class=\"elementor-widget-container\">\n\t\t\t\t\t\t\t\t\t<p><em>R\u00e9server une s\u00e9ance en r\u00e9el se fait par SMS. <strong>Je ne r\u00e9pondrais \u00a0pas aux appels!<\/strong><\/em><\/p><p><em>Dans ton SMS tu indiqueras ton pr\u00e9nom\/ pseudo, ta ville et si tu as la possibilit\u00e9 de te d\u00e9placer (sur Lille). Le type de s\u00e9ance que tu cherches, ce que tu penses \u00eatre tes limites et pour finir, tes disponibilit\u00e9s.<\/em><\/p><p><em><strong>Je ne fais pas de virtuel.\u00a0<\/strong><\/em><\/p>\t\t\t\t\t\t\t\t<\/div>\n\t\t\t\t<\/div>\n\t\t\t\t\t<\/div>\n\t\t\t\t<\/div>\n\t\t\t\t<\/div>\n\t\t","protected":false},"excerpt":{"rendered":"<p>R\u00e9server une s\u00e9ance en r\u00e9el se fait par SMS. Je ne r\u00e9pondrais \u00a0pas aux appels! Dans ton SMS tu indiqueras ton pr\u00e9nom\/ pseudo, ta ville et si tu as la<\/p>\n<p class=\"more-link\"><a href=\"https:\/\/mademoiselle-deora.fr\/index.php\/contact\/\" class=\"readmore\">Continue reading<svg class=\"icon icon-arrow-right\" aria-hidden=\"true\" role=\"img\"> <use href=\"#icon-arrow-right\" xlink:href=\"#icon-arrow-right\"><\/use> <\/svg><span class=\"screen-reader-text\">Contact<\/span><\/a><\/p>\n","protected":false},"author":1,"featured_media":0,"parent":0,"menu_order":0,"comment_status":"closed","ping_status":"closed","template":"","meta":{"footnotes":""},"class_list":["post-57","page","type-page","status-publish","hentry"],"_links":{"self":[{"href":"https:\/\/mademoiselle-deora.fr\/index.php\/wp-json\/wp\/v2\/pages\/57","targetHints":{"allow":["GET"]}}],"collection":[{"href":"https:\/\/mademoiselle-deora.fr\/index.php\/wp-json\/wp\/v2\/pages"}],"about":[{"href":"https:\/\/mademoiselle-deora.fr\/index.php\/wp-json\/wp\/v2\/types\/page"}],"author":[{"embeddable":true,"href":"https:\/\/mademoiselle-deora.fr\/index.php\/wp-json\/wp\/v2\/users\/1"}],"replies":[{"embeddable":true,"href":"https:\/\/mademoiselle-deora.fr\/index.php\/wp-json\/wp\/v2\/comments?post=57"}],"version-history":[{"count":4,"href":"https:\/\/mademoiselle-deora.fr\/index.php\/wp-json\/wp\/v2\/pages\/57\/revisions"}],"predecessor-version":[{"id":191,"href":"https:\/\/mademoiselle-deora.fr\/index.php\/wp-json\/wp\/v2\/pages\/57\/revisions\/191"}],"wp:attachment":[{"href":"https:\/\/mademoiselle-deora.fr\/index.php\/wp-json\/wp\/v2\/media?parent=57"}],"curies":[{"name":"wp","href":"https:\/\/api.w.org\/{rel}","templated":true}]}}